{"id":2668,"date":"2018-06-21T09:28:14","date_gmt":"2018-06-21T09:28:14","guid":{"rendered":"http:\/\/playerx.edge-themes.com\/?page_id=2668"},"modified":"2025-04-18T15:33:17","modified_gmt":"2025-04-18T13:33:17","slug":"about-the-clan","status":"publish","type":"page","link":"https:\/\/www.creepz.eu\/wordpress\/?page_id=2668","title":{"rendered":"About us"},"content":{"rendered":"<div class=\"wpb-content-wrapper\">[vc_row][vc_column][rev_slider_vc alias=&#8220;main-home&#8220; enable_paspartu=&#8220;no&#8220;][\/vc_column][\/vc_row][vc_row row_shadow=&#8220;with-shadow&#8220; content_text_aligment=&#8220;center&#8220;][vc_column css=&#8220;.vc_custom_1529677418419{margin-top: -140px !important;}&#8220;][vc_row_inner row_content_width=&#8220;grid&#8220; disable_background_image=&#8220;&#8220; simple_background_image=&#8220;2678&#8243;][vc_column_inner]<div class=\"edgtf-elements-holder   edgtf-one-column  edgtf-responsive-mode-768 \" ><div class=\"edgtf-eh-item  edgtf-vertical-alignment-top edgtf-horizontal-alignment-center \"  data-item-class=\"edgtf-eh-custom-1790\">\n\t<div class=\"edgtf-eh-item-inner\">\n\t\t<div class=\"edgtf-eh-item-content edgtf-eh-custom-1790\" style=\"padding: 15px 0 20px\">\n\t\t\t<div class=\"edgtf-clients-carousel-holder edgtf-cc-hover-roll-over\">\n\t<div class=\"edgtf-cc-inner edgtf-owl-slider\" data-number-of-items=\"6\" data-enable-loop=\"yes\" data-enable-autoplay=\"yes\" data-slider-speed=\"5000\" data-slider-speed-animation=\"600\" data-enable-navigation=\"no\" data-enable-pagination=\"no\">\n\t\t<div class=\"edgtf-cc-item edgtf-item-space edgtf-cci-has-link\">\n\t\t\t<a itemprop=\"url\" class=\"edgtf-cc-link edgtf-block-drag-link\" href=\"https:\/\/dachcs.de\/coverage\/team\/1655\" target=\"_blank\">\n\t\t\t\t\t\t<img decoding=\"async\" itemprop=\"image\" class=\"edgtf-cc-image\" src=\"https:\/\/www.creepz.eu\/wordpress\/wp-content\/uploads\/2025\/03\/saison33sda.png\" alt=\"\" \/>\n\t\t\t\t\t\t\t<img decoding=\"async\" itemprop=\"image\" class=\"edgtf-cc-hover-image\" src=\"https:\/\/www.creepz.eu\/wordpress\/wp-content\/uploads\/2025\/03\/saison33sda.png\" alt=\"\" \/>\n\t\t\t\t\t<\/a>\n\t<\/div><div class=\"edgtf-cc-item edgtf-item-space edgtf-cci-has-link\">\n\t\t\t<a itemprop=\"url\" class=\"edgtf-cc-link edgtf-block-drag-link\" href=\"https:\/\/repro-dohm.de\/\" target=\"_blank\">\n\t\t\t\t\t\t<img decoding=\"async\" itemprop=\"image\" class=\"edgtf-cc-image\" src=\"https:\/\/www.creepz.eu\/wordpress\/wp-content\/uploads\/2025\/03\/repro-dohm.de_-1.png\" alt=\"\" \/>\n\t\t\t\t\t\t\t<img decoding=\"async\" itemprop=\"image\" class=\"edgtf-cc-hover-image\" src=\"https:\/\/www.creepz.eu\/wordpress\/wp-content\/uploads\/2025\/03\/repro-dohm.de_-1.png\" alt=\"\" \/>\n\t\t\t\t\t<\/a>\n\t<\/div><div class=\"edgtf-cc-item edgtf-item-space edgtf-cci-has-link\">\n\t\t\t<a itemprop=\"url\" class=\"edgtf-cc-link edgtf-block-drag-link\" href=\"https:\/\/www.creepz.eu\/wordpress\/index.php\/ts3-server\/\" target=\"_self\">\n\t\t\t\t\t\t<img decoding=\"async\" itemprop=\"image\" class=\"edgtf-cc-image\" src=\"https:\/\/www.creepz.eu\/wordpress\/wp-content\/uploads\/2025\/03\/loogo_inverse.png\" alt=\"\" \/>\n\t\t\t\t\t\t\t<img decoding=\"async\" itemprop=\"image\" class=\"edgtf-cc-hover-image\" src=\"https:\/\/www.creepz.eu\/wordpress\/wp-content\/uploads\/2025\/03\/loogo_inverse.png\" alt=\"\" \/>\n\t\t\t\t\t<\/a>\n\t<\/div><div class=\"edgtf-cc-item edgtf-item-space edgtf-cci-has-link\">\n\t\t\t<a itemprop=\"url\" class=\"edgtf-cc-link edgtf-block-drag-link\" href=\"http:\/\/www.spized.com\" target=\"_blank\">\n\t\t\t\t\t\t<img decoding=\"async\" itemprop=\"image\" class=\"edgtf-cc-image\" src=\"https:\/\/www.creepz.eu\/wordpress\/wp-content\/uploads\/2025\/03\/saison33sda.png\" alt=\"\" \/>\n\t\t\t\t\t\t\t<img decoding=\"async\" itemprop=\"image\" class=\"edgtf-cc-hover-image\" src=\"https:\/\/www.creepz.eu\/wordpress\/wp-content\/uploads\/2025\/03\/saison33sda.png\" alt=\"\" \/>\n\t\t\t\t\t<\/a>\n\t<\/div><div class=\"edgtf-cc-item edgtf-item-space edgtf-cci-has-link\">\n\t\t\t<a itemprop=\"url\" class=\"edgtf-cc-link edgtf-block-drag-link\" href=\"#\" target=\"_self\">\n\t\t\t\t\t\t<img decoding=\"async\" itemprop=\"image\" class=\"edgtf-cc-image\" src=\"https:\/\/www.creepz.eu\/wordpress\/wp-content\/uploads\/2018\/06\/h1-client-img-5-1.png\" alt=\"a\" \/>\n\t\t\t\t\t\t\t<img decoding=\"async\" itemprop=\"image\" class=\"edgtf-cc-hover-image\" src=\"https:\/\/www.creepz.eu\/wordpress\/wp-content\/uploads\/2018\/06\/h1-client-img-5-1.png\" alt=\"a\" \/>\n\t\t\t\t\t<\/a>\n\t<\/div><div class=\"edgtf-cc-item edgtf-item-space edgtf-cci-has-link\">\n\t\t\t<a itemprop=\"url\" class=\"edgtf-cc-link edgtf-block-drag-link\" href=\"#\" target=\"_self\">\n\t\t\t\t\t\t<img decoding=\"async\" itemprop=\"image\" class=\"edgtf-cc-image\" src=\"https:\/\/www.creepz.eu\/wordpress\/wp-content\/uploads\/2018\/06\/h1-client-img-6-1.png\" alt=\"a\" \/>\n\t\t\t\t\t\t\t<img decoding=\"async\" itemprop=\"image\" class=\"edgtf-cc-hover-image\" src=\"https:\/\/www.creepz.eu\/wordpress\/wp-content\/uploads\/2018\/06\/h1-client-img-6-1.png\" alt=\"a\" \/>\n\t\t\t\t\t<\/a>\n\t<\/div>\t<\/div>\n<\/div>\t\t<\/div>\n\t<\/div>\n<\/div><\/div>[\/vc_column_inner][\/vc_row_inner][\/vc_column][\/vc_row][vc_row row_content_width=&#8220;grid&#8220; css=&#8220;.vc_custom_1528787883087{padding-bottom: 30px !important;}&#8220;][vc_column][vc_empty_space]<div class=\"edgtf-section-title-holder  edgtf-st-minimal \" style=\"text-align: left\">\n    <div class=\"edgtf-st-inner\">\n                    <h5 class=\"edgtf-st-title\" >\n            Das sind wir            <\/h5>\n            <\/div>\n<\/div>[\/vc_column][\/vc_row][vc_row row_content_width=&#8220;grid&#8220; css=&#8220;.vc_custom_1528876858458{padding-bottom: 140px !important;}&#8220;][vc_column]<div class=\"edgtf-elements-holder   edgtf-two-columns  edgtf-responsive-mode-1024 \" style=\"background-color: rgba(15,15,15,0.8)\"><div class=\"edgtf-eh-item    \"  data-item-class=\"edgtf-eh-custom-3312\" data-1367-1600=\"0 21px 2px 0\" data-1025-1366=\"0 21px 2px 0\" data-769-1024=\"65px 0 0 0\" data-681-768=\"65px 40px 0 40px\" data-680=\"65px 20px 0 20px\">\n\t<div class=\"edgtf-eh-item-inner\">\n\t\t<div class=\"edgtf-eh-item-content edgtf-eh-custom-3312\" style=\"padding: 0 21px 2px 0\">\n\t\t\t[vc_column_text css=&#8220;.vc_custom_1744983196610{padding-top: 50px !important;padding-right: 50px !important;padding-bottom: 50px !important;padding-left: 50px !important;}&#8220;]\n<p dir=\"auto\">CREEPZ ESPORTS wurde 2016 von einer Gruppe Freunde gegr\u00fcndet, die eine gemeinsame Leidenschaft teilten: <strong>Counter-Strike<\/strong>.<br \/>\nWas als Hobby begann, hat sich zu einem festen Bestandteil der deutschen eSports-Szene entwickelt.<div class=\"edgtf-separator-holder clearfix  edgtf-separator-center edgtf-separator-normal\">\n\t<div class=\"edgtf-separator\" ><\/div>\n<\/div>\n\n<p dir=\"auto\">Unser Team ist mehr als nur eine Gruppe von Spielern \u2013 wir sind eine Gemeinschaft. Neben Counter-Strike zocken wir auch gerne andere Spiele wie PUBG, League of Legends oder Rocket League. Das bringt Abwechslung!<div class=\"edgtf-separator-holder clearfix  edgtf-separator-center edgtf-separator-normal\">\n\t<div class=\"edgtf-separator\" ><\/div>\n<\/div>\n\n<p dir=\"auto\">Wenn wir mal kein Ligaspiel haben, treffen wir uns oft auf Faceit oder spielen intern. Daf\u00fcr haben wir auf unserem Root-Server entsprechende Server eingerichtet, die immer bereit sind f\u00fcr ein spontanes Match. Und nat\u00fcrlich gibt es auch einen Trainingsserver, damit wir immer topfit bleiben.<div class=\"edgtf-separator-holder clearfix  edgtf-separator-center edgtf-separator-normal\">\n\t<div class=\"edgtf-separator\" ><\/div>\n<\/div>\n\n<p dir=\"auto\">Bei CREEPZ ESPORTS geht es nicht nur um den Sieg, sondern auch um den Spa\u00df und die Gemeinschaft.<br \/>\nWir freuen uns auf jede neue Herausforderung und sind gespannt, was die Zukunft f\u00fcr uns bereith\u00e4lt.<div class=\"edgtf-separator-holder clearfix  edgtf-separator-center edgtf-separator-normal\">\n\t<div class=\"edgtf-separator\" ><\/div>\n<\/div>\n\n<p dir=\"auto\">Wenn du Lust hast, Teil unserer Community zu werden, dann melde dich bei uns. Wir freuen uns auf dich!<\/p>\n[\/vc_column_text]<a itemprop=\"url\" href=\"https:\/\/www.creepz.eu\/wordpress\/index.php\/join-us\/\" target=\"_self\" style=\"margin: -2px 50px 50px 50px\" class=\"edgtf-btn edgtf-btn-medium edgtf-btn-outline\"  >\n        <span class=\"edgtf-btn-text\">Jetzt bewerben!<\/span>\n        <\/a>\t\t<\/div>\n\t<\/div>\n<\/div><\/div>[\/vc_column][\/vc_row]\n<\/div>","protected":false},"excerpt":{"rendered":"<p>[vc_row][vc_column][rev_slider_vc alias=&#8220;main-home&#8220; enable_paspartu=&#8220;no&#8220;][\/vc_column][\/vc_row][vc_row row_shadow=&#8220;with-shadow&#8220; content_text_aligment=&#8220;center&#8220;][vc_column css=&#8220;.vc_custom_1529677418419{margin-top: -140px !important;}&#8220;][vc_row_inner row_content_width=&#8220;grid&#8220; disable_background_image=&#8220;&#8220; simple_background_image=&#8220;2678&#8243;][vc_column_inner][\/vc_column_inner][\/vc_row_inner][\/vc_column][\/vc_row][vc_row row_content_width=&#8220;grid&#8220; css=&#8220;.vc_custom_1528787883087{padding-bottom: 30px !important;}&#8220;][vc_column][vc_empty_space][\/vc_column][\/vc_row][vc_row row_content_width=&#8220;grid&#8220; css=&#8220;.vc_custom_1528876858458{padding-bottom: 140px !important;}&#8220;][vc_column][\/vc_column][\/vc_row]<\/p>\n","protected":false},"author":1,"featured_media":0,"parent":0,"menu_order":0,"comment_status":"closed","ping_status":"closed","template":"full-width.php","meta":{"footnotes":""},"class_list":["post-2668","page","type-page","status-publish","hentry"],"_links":{"self":[{"href":"https:\/\/www.creepz.eu\/wordpress\/index.php?rest_route=\/wp\/v2\/pages\/2668","targetHints":{"allow":["GET"]}}],"collection":[{"href":"https:\/\/www.creepz.eu\/wordpress\/index.php?rest_route=\/wp\/v2\/pages"}],"about":[{"href":"https:\/\/www.creepz.eu\/wordpress\/index.php?rest_route=\/wp\/v2\/types\/page"}],"author":[{"embeddable":true,"href":"https:\/\/www.creepz.eu\/wordpress\/index.php?rest_route=\/wp\/v2\/users\/1"}],"replies":[{"embeddable":true,"href":"https:\/\/www.creepz.eu\/wordpress\/index.php?rest_route=%2Fwp%2Fv2%2Fcomments&post=2668"}],"version-history":[{"count":35,"href":"https:\/\/www.creepz.eu\/wordpress\/index.php?rest_route=\/wp\/v2\/pages\/2668\/revisions"}],"predecessor-version":[{"id":4196,"href":"https:\/\/www.creepz.eu\/wordpress\/index.php?rest_route=\/wp\/v2\/pages\/2668\/revisions\/4196"}],"wp:attachment":[{"href":"https:\/\/www.creepz.eu\/wordpress\/index.php?rest_route=%2Fwp%2Fv2%2Fmedia&parent=2668"}],"curies":[{"name":"wp","href":"https:\/\/api.w.org\/{rel}","templated":true}]}}