{"id":1172,"date":"2018-06-08T08:45:59","date_gmt":"2018-06-08T08:45:59","guid":{"rendered":"http:\/\/playerx.edge-themes.com\/?page_id=1172"},"modified":"2025-03-23T01:22:15","modified_gmt":"2025-03-23T00:22:15","slug":"contact-us","status":"publish","type":"page","link":"https:\/\/www.creepz.eu\/wordpress\/?page_id=1172","title":{"rendered":"Kontakt"},"content":{"rendered":"<div class=\"wpb-content-wrapper\">[vc_row row_content_width=&#8220;grid&#8220; css=&#8220;.vc_custom_1529331312895{padding-top: 133px !important;padding-bottom: 114px !important;}&#8220;][vc_column]<div class=\"edgtf-elements-holder   edgtf-two-columns  edgtf-responsive-mode-1024 \" ><div class=\"edgtf-eh-item    \"  data-item-class=\"edgtf-eh-custom-4186\" data-1367-1600=\"0 20% 0 0\" data-1025-1366=\"0 20% 0 0\" data-769-1024=\"0 36% 9.5% 0\" data-681-768=\"0 20% 12% 0\" data-680=\"0 0 25% 0\">\n\t<div class=\"edgtf-eh-item-inner\">\n\t\t<div class=\"edgtf-eh-item-content edgtf-eh-custom-4186\" style=\"padding: 0.5% 20% 0 0\">\n\t\t\t<div class=\"edgtf-section-title-holder  edgtf-st-standard \" style=\"padding: 0 0px;text-align: left\">\n\t<div class=\"edgtf-st-inner\">\n\t\t\t\t\t<h4 class=\"edgtf-st-title\" >\n\t\t\t\tKontaktiere uns\t\t\t<\/h4>\n\t\t        \n            <div class=\"edgtf-st-separator\" style=\"margin-top: 2px\">\n\n            <svg version=\"1.1\" xmlns=\"http:\/\/www.w3.org\/2000\/svg\" xmlns:xlink=\"http:\/\/www.w3.org\/1999\/xlink\" x=\"0px\" y=\"0px\"\n\t width=\"124.985px\" height=\"3.411px\" viewBox=\"0 0 124.985 3.411\" enable-background=\"new 0 0 124.985 3.411\" xml:space=\"preserve\">\n<polygon fill=\"#FFFFFF\" points=\"0,0 124.985,0 124.985,1.121 96.484,1.121 86.944,3.411 38.67,3.411 29.162,1.121 0,1.121 \"\/>\n<\/svg>            <\/div>\n        \t\t\t\t\t<p class=\"edgtf-st-text\" style=\"margin-top: 27px\">\n\t\t\t\tBenutze dieses Formular f\u00fcr Anfragen. Zur besseren Bearbeitung deiner Anfrage bitten wir dich um eine m\u00f6glichst ausf\u00fchrliche und informative Beschreibung deines Anliegens. Selbstverst\u00e4ndlich nehmen wir so bald wie m\u00f6glich Kontakt mit dir auf.\t\t\t<\/p>\n\t\t\t<\/div>\n<\/div>\n[vc_empty_space height=&#8220;11px&#8220;][vc_raw_html css=&#8220;&#8220;]JTNDc3BhbiUyMHN0eWxlJTNEJTIyZGlzcGxheSUzQWlubGluZS1ibG9jayUzQnBhZGRpbmctcmlnaHQlM0ElMjAzOHB4JTIyJTNFJTVCZWRndGZfY3VzdG9tX2ZvbnQlMjB0aXRsZV90YWclM0QlMjIlMjIlMjBmb250X3dlaWdodCUzRCUyMjMwMCUyMiUyMGZvbnRfc3R5bGUlM0QlMjIlMjIlMjB0ZXh0X3RyYW5zZm9ybSUzRCUyMmxvd2VyY2FzZSUyMiUyMHRleHRfZGVjb3JhdGlvbiUzRCUyMiUyMiUyMHRleHRfYWxpZ24lM0QlMjIlMjIlMjB0aXRsZSUzRCUyMkZvbGd0JTIwdW5zJTIwYXVmJTNBJTIyJTIwZm9udF9mYW1pbHklM0QlMjJSdWJpayUyMiUyMGZvbnRfc2l6ZSUzRCUyMjEzcHglMjIlMjBsaW5lX2hlaWdodCUzRCUyMjI2cHglMjIlMjBjb2xvciUzRCUyMnJnYmElMjgyNTUlMkMyNTUlMkMyNTUlMkMwLjMlMjklMjIlNUQlM0MlMkZzcGFuJTNFJTVCZWRndGZfaWNvbiUyMGljb25fcGFjayUzRCUyMmZvbnRfYXdlc29tZSUyMiUyMGZhX2ljb24lM0QlMjJmYWIlMjBmYS15b3V0dWJlJTIyJTIwdHlwZSUzRCUyMmVkZ3RmLW5vcm1hbCUyMiUyMHRhcmdldCUzRCUyMl9ibGFuayUyMiUyMGxpbmslM0QlMjJodHRwcyUzQSUyRiUyRnd3dy55b3V0dWJlLmNvbSUyRmNoYW5uZWwlMkZVQ190RlA0SEtKd3RXMUNIU3V4RXZMWXclMjIlMjBtYXJnaW4lM0QlMjIwJTIwMjNweCUyMDAlMjAwJTIyJTIwY3VzdG9tX3NpemUlM0QlMjIxM3B4JTIyJTVEJTVCZWRndGZfaWNvbiUyMGljb25fcGFjayUzRCUyMmZvbnRfYXdlc29tZSUyMiUyMGZhX2ljb24lM0QlMjJmYWIlMjBmYS1pbnN0YWdyYW0lMjIlMjB0eXBlJTNEJTIyZWRndGYtbm9ybWFsJTIyJTIwdGFyZ2V0JTNEJTIyX2JsYW5rJTIyJTIwbGluayUzRCUyMmh0dHBzJTNBJTJGJTJGd3d3Lmluc3RhZ3JhbS5jb20lMkZjcmVlcHpzcG9ydHMlMjIlMjBtYXJnaW4lM0QlMjIwJTIwMjNweCUyMDAlMjAwJTIyJTIwY3VzdG9tX3NpemUlM0QlMjIxM3B4JTIyJTVEJTVCZWRndGZfaWNvbiUyMGljb25fcGFjayUzRCUyMmZvbnRfYXdlc29tZSUyMiUyMGZhX2ljb24lM0QlMjJmYWIlMjBmYS10d2l0Y2glMjIlMjB0eXBlJTNEJTIyZWRndGYtbm9ybWFsJTIyJTIwdGFyZ2V0JTNEJTIyX2JsYW5rJTIyJTIwbGluayUzRCUyMmh0dHBzJTNBJTJGJTJGd3d3LnR3aXRjaC50diUyRmNyZWVwemVzcG9ydHMlMjIlMjBjdXN0b21fc2l6ZSUzRCUyMjEzcHglMjIlNUQ=[\/vc_raw_html]\t\t<\/div>\n\t<\/div>\n<\/div><div class=\"edgtf-eh-item    \"  data-item-class=\"edgtf-eh-custom-9074\" data-1367-1600=\"6px 0 0 0\" data-1025-1366=\"6px 0 0 0\" data-769-1024=\"0 0\" data-681-768=\"0 0\" data-680=\"0 0\">\n\t<div class=\"edgtf-eh-item-inner\">\n\t\t<div class=\"edgtf-eh-item-content edgtf-eh-custom-9074\" style=\"padding: 6px 0 0 0\">\n\t\t\t\n<div class=\"wpcf7 no-js\" id=\"wpcf7-f347-o1\" lang=\"en-US\" dir=\"ltr\" data-wpcf7-id=\"347\">\n<div class=\"screen-reader-response\"><p role=\"status\" aria-live=\"polite\" aria-atomic=\"true\"><\/p> <ul><\/ul><\/div>\n<form action=\"\/wordpress\/index.php?rest_route=%2Fwp%2Fv2%2Fpages%2F1172#wpcf7-f347-o1\" method=\"post\" class=\"wpcf7-form init\" aria-label=\"Contact form\" novalidate=\"novalidate\" data-status=\"init\">\n<fieldset class=\"hidden-fields-container\"><input type=\"hidden\" name=\"_wpcf7\" value=\"347\" \/><input type=\"hidden\" name=\"_wpcf7_version\" value=\"6.1.5\" \/><input type=\"hidden\" name=\"_wpcf7_locale\" value=\"en_US\" \/><input type=\"hidden\" name=\"_wpcf7_unit_tag\" value=\"wpcf7-f347-o1\" \/><input type=\"hidden\" name=\"_wpcf7_container_post\" value=\"0\" \/><input type=\"hidden\" name=\"_wpcf7_posted_data_hash\" value=\"\" \/>\n<\/fieldset>\n<div class=\"edgtf-custom-contact-form\">\n\t<div class=\"edgtf-grid-row\">\n\t\t<div class=\"edgtf-grid-col-12\">\n\t\t\t<p><span class=\"wpcf7-form-control-wrap\" data-name=\"your-name\"><input size=\"40\" maxlength=\"400\" class=\"wpcf7-form-control wpcf7-text wpcf7-validates-as-required\" aria-required=\"true\" aria-invalid=\"false\" placeholder=\"Name\" value=\"\" type=\"text\" name=\"your-name\" \/><\/span>\n\t\t\t<\/p>\n\t\t<\/div>\n\t\t<div class=\"edgtf-grid-col-12\">\n\t\t\t<p><span class=\"wpcf7-form-control-wrap\" data-name=\"your-email\"><input size=\"40\" maxlength=\"400\" class=\"wpcf7-form-control wpcf7-email wpcf7-validates-as-required wpcf7-text wpcf7-validates-as-email\" aria-required=\"true\" aria-invalid=\"false\" placeholder=\"E-Mail\" value=\"\" type=\"email\" name=\"your-email\" \/><\/span>\n\t\t\t<\/p>\n\t\t<\/div>\n\t\t<div class=\"edgtf-grid-col-12\">\n\t\t\t<p><span class=\"wpcf7-form-control-wrap\" data-name=\"your-subject\"><input size=\"40\" maxlength=\"400\" class=\"wpcf7-form-control wpcf7-text wpcf7-validates-as-required\" aria-required=\"true\" aria-invalid=\"false\" placeholder=\"Betreff\" value=\"\" type=\"text\" name=\"your-subject\" \/><\/span>\n\t\t\t<\/p>\n\t\t<\/div>\n\t<\/div>\n\t<p><span class=\"wpcf7-form-control-wrap\" data-name=\"your-message\"><textarea cols=\"40\" rows=\"10\" maxlength=\"2000\" class=\"wpcf7-form-control wpcf7-textarea\" aria-invalid=\"false\" placeholder=\"Nachricht\" name=\"your-message\"><\/textarea><\/span>\n\t<\/p>\n\t<p><input class=\"wpcf7-form-control wpcf7-submit has-spinner\" type=\"submit\" value=\"Senden\" \/>\n\t<\/p>\n<\/div><div class=\"wpcf7-response-output\" aria-hidden=\"true\"><\/div>\n<\/form>\n<\/div>\n\t\t<\/div>\n\t<\/div>\n<\/div><\/div>[\/vc_column][\/vc_row]\n<\/div>","protected":false},"excerpt":{"rendered":"<p>[vc_row row_content_width=&#8220;grid&#8220; css=&#8220;.vc_custom_1529331312895{padding-top: 133px !important;padding-bottom: 114px !important;}&#8220;][vc_column][\/vc_column][\/vc_row]<\/p>\n","protected":false},"author":1,"featured_media":0,"parent":0,"menu_order":0,"comment_status":"closed","ping_status":"closed","template":"full-width.php","meta":{"footnotes":""},"class_list":["post-1172","page","type-page","status-publish","hentry"],"_links":{"self":[{"href":"https:\/\/www.creepz.eu\/wordpress\/index.php?rest_route=\/wp\/v2\/pages\/1172","targetHints":{"allow":["GET"]}}],"collection":[{"href":"https:\/\/www.creepz.eu\/wordpress\/index.php?rest_route=\/wp\/v2\/pages"}],"about":[{"href":"https:\/\/www.creepz.eu\/wordpress\/index.php?rest_route=\/wp\/v2\/types\/page"}],"author":[{"embeddable":true,"href":"https:\/\/www.creepz.eu\/wordpress\/index.php?rest_route=\/wp\/v2\/users\/1"}],"replies":[{"embeddable":true,"href":"https:\/\/www.creepz.eu\/wordpress\/index.php?rest_route=%2Fwp%2Fv2%2Fcomments&post=1172"}],"version-history":[{"count":14,"href":"https:\/\/www.creepz.eu\/wordpress\/index.php?rest_route=\/wp\/v2\/pages\/1172\/revisions"}],"predecessor-version":[{"id":4119,"href":"https:\/\/www.creepz.eu\/wordpress\/index.php?rest_route=\/wp\/v2\/pages\/1172\/revisions\/4119"}],"wp:attachment":[{"href":"https:\/\/www.creepz.eu\/wordpress\/index.php?rest_route=%2Fwp%2Fv2%2Fmedia&parent=1172"}],"curies":[{"name":"wp","href":"https:\/\/api.w.org\/{rel}","templated":true}]}}